{"id":1724,"date":"2021-07-02T18:17:59","date_gmt":"2021-07-02T18:17:59","guid":{"rendered":"https:\/\/www.franziska-urbatschek.de\/home\/?page_id=1724"},"modified":"2022-11-23T11:15:08","modified_gmt":"2022-11-23T11:15:08","slug":"singlederwoche","status":"publish","type":"page","link":"https:\/\/www.franziska-urbatschek.de\/home\/singlederwoche\/","title":{"rendered":"Single der Woche &#8211; Deine Bewerbung"},"content":{"rendered":"\t\t<div data-elementor-type=\"wp-page\" data-elementor-id=\"1724\" class=\"elementor elementor-1724\" data-elementor-post-type=\"page\">\n\t\t\t\t\t\t<section class=\"elementor-section elementor-top-section elementor-element elementor-element-0a1f3bb elementor-section-boxed elementor-section-height-default elementor-section-height-default\" data-id=\"0a1f3bb\" data-element_type=\"section\">\n\t\t\t\t\t\t<div class=\"elementor-container elementor-column-gap-default\">\n\t\t\t\t\t<div class=\"elementor-column elementor-col-100 elementor-top-column elementor-element elementor-element-954a819\" data-id=\"954a819\" data-element_type=\"column\">\n\t\t\t<div class=\"elementor-widget-wrap elementor-element-populated\">\n\t\t\t\t\t\t<section class=\"elementor-section elementor-inner-section elementor-element elementor-element-1275865 elementor-reverse-mobile elementor-section-boxed elementor-section-height-default elementor-section-height-default\" data-id=\"1275865\" data-element_type=\"section\">\n\t\t\t\t\t\t<div class=\"elementor-container elementor-column-gap-default\">\n\t\t\t\t\t<div class=\"elementor-column elementor-col-50 elementor-inner-column elementor-element elementor-element-042a724\" data-id=\"042a724\" data-element_type=\"column\">\n\t\t\t<div class=\"elementor-widget-wrap elementor-element-populated\">\n\t\t\t\t\t\t<div class=\"elementor-element elementor-element-cab09ca elementor-widget elementor-widget-heading\" data-id=\"cab09ca\" data-element_type=\"widget\" data-widget_type=\"heading.default\">\n\t\t\t\t<div class=\"elementor-widget-container\">\n\t\t\t\t\t<h2 class=\"elementor-heading-title elementor-size-default\">Single der Woche<\/h2>\t\t\t\t<\/div>\n\t\t\t\t<\/div>\n\t\t\t\t<div class=\"elementor-element elementor-element-c45bf67 elementor-widget elementor-widget-text-editor\" data-id=\"c45bf67\" data-element_type=\"widget\" data-widget_type=\"text-editor.default\">\n\t\t\t\t<div class=\"elementor-widget-container\">\n\t\t\t\t\t\t\t\t\t<p>Hallo und sch\u00f6n, dass du da bist! Im Rahmen unseres Podcasts &#8211; Beziehungsstatus Single, hast du die M\u00f6glichkeit dich f\u00fcr ein kostenfreies Coachinggespr\u00e4ch zu bewerben, welches wir im Podcast ver\u00f6ffentlichen.<\/p><p>Falls du dich nicht als Single der Woche bewerben m\u00f6chtest, aber mehr \u00fcber unsere Leistungen als Beziehungscoach (f\u00fcr Singles) oder Erfolgstrainer erfahren m\u00f6chtest, h<span style=\"color: var( --e-global-color-text ); font-family: var( --e-global-typography-text-font-family ), Sans-serif; background-color: var(--nv-site-bg);\">ast du die M\u00f6glichkeit ein kostenfreies Beratungsgespr\u00e4ch zu vereinbaren.<\/span><\/p><p>Wir freuen uns auf dich!<\/p>\t\t\t\t\t\t\t\t<\/div>\n\t\t\t\t<\/div>\n\t\t\t\t\t<\/div>\n\t\t<\/div>\n\t\t\t\t<div class=\"elementor-column elementor-col-50 elementor-inner-column elementor-element elementor-element-253459d\" data-id=\"253459d\" data-element_type=\"column\">\n\t\t\t<div class=\"elementor-widget-wrap elementor-element-populated\">\n\t\t\t\t\t\t<div class=\"elementor-element elementor-element-d802118 elementor-widget elementor-widget-spacer\" data-id=\"d802118\" data-element_type=\"widget\" data-widget_type=\"spacer.default\">\n\t\t\t\t<div class=\"elementor-widget-container\">\n\t\t\t\t\t\t\t<div class=\"elementor-spacer\">\n\t\t\t<div class=\"elementor-spacer-inner\"><\/div>\n\t\t<\/div>\n\t\t\t\t\t\t<\/div>\n\t\t\t\t<\/div>\n\t\t\t\t<div class=\"elementor-element elementor-element-b20e9ff elementor-widget elementor-widget-image\" data-id=\"b20e9ff\" data-element_type=\"widget\" data-widget_type=\"image.default\">\n\t\t\t\t<div class=\"elementor-widget-container\">\n\t\t\t\t\t\t\t\t\t\t\t\t\t\t\t<img fetchpriority=\"high\" decoding=\"async\" width=\"1024\" height=\"1024\" src=\"https:\/\/www.franziska-urbatschek.de\/wp-content\/uploads\/2022\/06\/Beziehungsstatus_Single_Quadratisch_Blanko_neu-1024x1024.jpg\" class=\"attachment-large size-large wp-image-6096\" alt=\"\" srcset=\"https:\/\/www.franziska-urbatschek.de\/wp-content\/uploads\/2022\/06\/Beziehungsstatus_Single_Quadratisch_Blanko_neu-1024x1024.jpg 1024w, https:\/\/www.franziska-urbatschek.de\/wp-content\/uploads\/2022\/06\/Beziehungsstatus_Single_Quadratisch_Blanko_neu-300x300.jpg 300w, https:\/\/www.franziska-urbatschek.de\/wp-content\/uploads\/2022\/06\/Beziehungsstatus_Single_Quadratisch_Blanko_neu-150x150.jpg 150w, https:\/\/www.franziska-urbatschek.de\/wp-content\/uploads\/2022\/06\/Beziehungsstatus_Single_Quadratisch_Blanko_neu-768x768.jpg 768w, https:\/\/www.franziska-urbatschek.de\/wp-content\/uploads\/2022\/06\/Beziehungsstatus_Single_Quadratisch_Blanko_neu-1536x1536.jpg 1536w, https:\/\/www.franziska-urbatschek.de\/wp-content\/uploads\/2022\/06\/Beziehungsstatus_Single_Quadratisch_Blanko_neu-scaled.jpg 1200w, https:\/\/www.franziska-urbatschek.de\/wp-content\/uploads\/2022\/06\/Beziehungsstatus_Single_Quadratisch_Blanko_neu-600x600.jpg 600w, https:\/\/www.franziska-urbatschek.de\/wp-content\/uploads\/2022\/06\/Beziehungsstatus_Single_Quadratisch_Blanko_neu-100x100.jpg 100w\" sizes=\"(max-width: 1024px) 100vw, 1024px\" \/>\t\t\t\t\t\t\t\t\t\t\t\t\t\t\t<\/div>\n\t\t\t\t<\/div>\n\t\t\t\t\t<\/div>\n\t\t<\/div>\n\t\t\t\t\t<\/div>\n\t\t<\/section>\n\t\t\t\t\t<\/div>\n\t\t<\/div>\n\t\t\t\t\t<\/div>\n\t\t<\/section>\n\t\t\t\t<section class=\"elementor-section elementor-top-section elementor-element elementor-element-05dabc1 elementor-section-boxed elementor-section-height-default elementor-section-height-default\" data-id=\"05dabc1\" data-element_type=\"section\">\n\t\t\t\t\t\t<div class=\"elementor-container elementor-column-gap-default\">\n\t\t\t\t\t<div class=\"elementor-column elementor-col-50 elementor-top-column elementor-element elementor-element-145e869\" data-id=\"145e869\" data-element_type=\"column\">\n\t\t\t<div class=\"elementor-widget-wrap elementor-element-populated\">\n\t\t\t\t\t\t<div class=\"elementor-element elementor-element-05ebc6c elementor-align-center elementor-widget elementor-widget-button\" data-id=\"05ebc6c\" data-element_type=\"widget\" data-widget_type=\"button.default\">\n\t\t\t\t<div class=\"elementor-widget-container\">\n\t\t\t\t\t\t\t\t\t<div class=\"elementor-button-wrapper\">\n\t\t\t\t\t<a class=\"elementor-button elementor-button-link elementor-size-sm\" href=\"https:\/\/www.franziska-urbatschek.de\/home\/single-der-woche-weiter\/\">\n\t\t\t\t\t\t<span class=\"elementor-button-content-wrapper\">\n\t\t\t\t\t\t\t\t\t<span class=\"elementor-button-text\">Bewerbung - Single der Woche<\/span>\n\t\t\t\t\t<\/span>\n\t\t\t\t\t<\/a>\n\t\t\t\t<\/div>\n\t\t\t\t\t\t\t\t<\/div>\n\t\t\t\t<\/div>\n\t\t\t\t\t<\/div>\n\t\t<\/div>\n\t\t\t\t<div class=\"elementor-column elementor-col-50 elementor-top-column elementor-element elementor-element-02ea007\" data-id=\"02ea007\" data-element_type=\"column\">\n\t\t\t<div class=\"elementor-widget-wrap elementor-element-populated\">\n\t\t\t\t\t\t<div class=\"elementor-element elementor-element-21aeb54 elementor-align-center elementor-widget elementor-widget-button\" data-id=\"21aeb54\" data-element_type=\"widget\" data-widget_type=\"button.default\">\n\t\t\t\t<div class=\"elementor-widget-container\">\n\t\t\t\t\t\t\t\t\t<div class=\"elementor-button-wrapper\">\n\t\t\t\t\t<a class=\"elementor-button elementor-button-link elementor-size-sm\" href=\"https:\/\/www.franziska-urbatschek.de\/home\/kontakt\/\">\n\t\t\t\t\t\t<span class=\"elementor-button-content-wrapper\">\n\t\t\t\t\t\t\t\t\t<span class=\"elementor-button-text\">M\u00f6chtest du ein Beratungsgespr\u00e4ch f\u00fcr dein Beziehungsleben haben?<\/span>\n\t\t\t\t\t<\/span>\n\t\t\t\t\t<\/a>\n\t\t\t\t<\/div>\n\t\t\t\t\t\t\t\t<\/div>\n\t\t\t\t<\/div>\n\t\t\t\t<div class=\"elementor-element elementor-element-6192dd2 elementor-align-center elementor-widget elementor-widget-button\" data-id=\"6192dd2\" data-element_type=\"widget\" data-widget_type=\"button.default\">\n\t\t\t\t<div class=\"elementor-widget-container\">\n\t\t\t\t\t\t\t\t\t<div class=\"elementor-button-wrapper\">\n\t\t\t\t\t<a class=\"elementor-button elementor-button-link elementor-size-sm\" href=\"https:\/\/www.dieerfolgstrainer.de\">\n\t\t\t\t\t\t<span class=\"elementor-button-content-wrapper\">\n\t\t\t\t\t\t\t\t\t<span class=\"elementor-button-text\">Beratungsgespr\u00e4ch f\u00fcr's Erfolgreich sein<\/span>\n\t\t\t\t\t<\/span>\n\t\t\t\t\t<\/a>\n\t\t\t\t<\/div>\n\t\t\t\t\t\t\t\t<\/div>\n\t\t\t\t<\/div>\n\t\t\t\t\t<\/div>\n\t\t<\/div>\n\t\t\t\t\t<\/div>\n\t\t<\/section>\n\t\t\t\t<section class=\"elementor-section elementor-top-section elementor-element elementor-element-4246ccb elementor-section-boxed elementor-section-height-default elementor-section-height-default\" data-id=\"4246ccb\" data-element_type=\"section\">\n\t\t\t\t\t\t<div class=\"elementor-container elementor-column-gap-default\">\n\t\t\t\t\t<div class=\"elementor-column elementor-col-100 elementor-top-column elementor-element elementor-element-7c45bef\" data-id=\"7c45bef\" data-element_type=\"column\">\n\t\t\t<div class=\"elementor-widget-wrap elementor-element-populated\">\n\t\t\t\t\t\t<div class=\"elementor-element elementor-element-a7d56c1 elementor-widget elementor-widget-spacer\" data-id=\"a7d56c1\" data-element_type=\"widget\" data-widget_type=\"spacer.default\">\n\t\t\t\t<div class=\"elementor-widget-container\">\n\t\t\t\t\t\t\t<div class=\"elementor-spacer\">\n\t\t\t<div class=\"elementor-spacer-inner\"><\/div>\n\t\t<\/div>\n\t\t\t\t\t\t<\/div>\n\t\t\t\t<\/div>\n\t\t\t\t\t<\/div>\n\t\t<\/div>\n\t\t\t\t\t<\/div>\n\t\t<\/section>\n\t\t\t\t<\/div>\n\t\t","protected":false},"excerpt":{"rendered":"<p>Single der Woche Hallo und sch\u00f6n, dass du da bist! Im Rahmen unseres Podcasts &#8211; Beziehungsstatus Single, hast du die M\u00f6glichkeit dich f\u00fcr ein kostenfreies Coachinggespr\u00e4ch zu bewerben, welches wir im Podcast ver\u00f6ffentlichen. Falls du dich nicht als Single der Woche bewerben m\u00f6chtest, aber mehr \u00fcber unsere Leistungen als Beziehungscoach (f\u00fcr Singles) oder Erfolgstrainer erfahren&hellip;&nbsp;<a href=\"https:\/\/www.franziska-urbatschek.de\/home\/singlederwoche\/\" class=\"\" rel=\"bookmark\">Weiterlesen &raquo;<span class=\"screen-reader-text\">Single der Woche &#8211; Deine Bewerbung<\/span><\/a><\/p>\n","protected":false},"author":1,"featured_media":0,"parent":0,"menu_order":0,"comment_status":"closed","ping_status":"closed","template":"","meta":{"neve_meta_sidebar":"full-width","neve_meta_container":"","neve_meta_enable_content_width":"on","neve_meta_content_width":100,"neve_meta_title_alignment":"","neve_meta_author_avatar":"","neve_post_elements_order":"","neve_meta_disable_header":"","neve_meta_disable_footer":"","neve_meta_disable_title":"","footnotes":""},"yoast_head":"<!-- This site is optimized with the Yoast SEO plugin v23.5 - https:\/\/yoast.com\/wordpress\/plugins\/seo\/ -->\n<title>Single der Woche - Deine Bewerbung - Single-Coach Hamburg - Franziska Urbatschek<\/title>\n<meta name=\"robots\" content=\"index, follow, max-snippet:-1, max-image-preview:large, max-video-preview:-1\" \/>\n<link rel=\"canonical\" href=\"https:\/\/www.franziska-urbatschek.de\/home\/singlederwoche\/\" \/>\n<meta property=\"og:locale\" content=\"de_DE\" \/>\n<meta property=\"og:type\" content=\"article\" \/>\n<meta property=\"og:title\" content=\"Single der Woche - Deine Bewerbung - Single-Coach Hamburg - Franziska Urbatschek\" \/>\n<meta property=\"og:description\" content=\"Single der Woche Hallo und sch\u00f6n, dass du da bist! Im Rahmen unseres Podcasts &#8211; Beziehungsstatus Single, hast du die M\u00f6glichkeit dich f\u00fcr ein kostenfreies Coachinggespr\u00e4ch zu bewerben, welches wir im Podcast ver\u00f6ffentlichen. Falls du dich nicht als Single der Woche bewerben m\u00f6chtest, aber mehr \u00fcber unsere Leistungen als Beziehungscoach (f\u00fcr Singles) oder Erfolgstrainer erfahren&hellip;&nbsp;Weiterlesen &raquo;Single der Woche &#8211; Deine Bewerbung\" \/>\n<meta property=\"og:url\" content=\"https:\/\/www.franziska-urbatschek.de\/home\/singlederwoche\/\" \/>\n<meta property=\"og:site_name\" content=\"Single-Coach Hamburg - Franziska Urbatschek\" \/>\n<meta property=\"article:modified_time\" content=\"2022-11-23T11:15:08+00:00\" \/>\n<meta property=\"og:image\" content=\"http:\/\/www.franziska-urbatschek.de\/wp-content\/uploads\/2022\/06\/Beziehungsstatus_Single_Quadratisch_Blanko_neu-1024x1024.jpg\" \/>\n<meta name=\"twitter:card\" content=\"summary_large_image\" \/>\n<meta name=\"twitter:label1\" content=\"Gesch\u00e4tzte Lesezeit\" \/>\n\t<meta name=\"twitter:data1\" content=\"1\u00a0Minute\" \/>\n<script type=\"application\/ld+json\" class=\"yoast-schema-graph\">{\"@context\":\"https:\/\/schema.org\",\"@graph\":[{\"@type\":\"WebPage\",\"@id\":\"https:\/\/www.franziska-urbatschek.de\/home\/singlederwoche\/\",\"url\":\"https:\/\/www.franziska-urbatschek.de\/home\/singlederwoche\/\",\"name\":\"Single der Woche - Deine Bewerbung - Single-Coach Hamburg - Franziska Urbatschek\",\"isPartOf\":{\"@id\":\"https:\/\/www.franziska-urbatschek.de\/home\/#website\"},\"primaryImageOfPage\":{\"@id\":\"https:\/\/www.franziska-urbatschek.de\/home\/singlederwoche\/#primaryimage\"},\"image\":{\"@id\":\"https:\/\/www.franziska-urbatschek.de\/home\/singlederwoche\/#primaryimage\"},\"thumbnailUrl\":\"http:\/\/www.franziska-urbatschek.de\/wp-content\/uploads\/2022\/06\/Beziehungsstatus_Single_Quadratisch_Blanko_neu-1024x1024.jpg\",\"datePublished\":\"2021-07-02T18:17:59+00:00\",\"dateModified\":\"2022-11-23T11:15:08+00:00\",\"breadcrumb\":{\"@id\":\"https:\/\/www.franziska-urbatschek.de\/home\/singlederwoche\/#breadcrumb\"},\"inLanguage\":\"de\",\"potentialAction\":[{\"@type\":\"ReadAction\",\"target\":[\"https:\/\/www.franziska-urbatschek.de\/home\/singlederwoche\/\"]}]},{\"@type\":\"ImageObject\",\"inLanguage\":\"de\",\"@id\":\"https:\/\/www.franziska-urbatschek.de\/home\/singlederwoche\/#primaryimage\",\"url\":\"http:\/\/www.franziska-urbatschek.de\/wp-content\/uploads\/2022\/06\/Beziehungsstatus_Single_Quadratisch_Blanko_neu-1024x1024.jpg\",\"contentUrl\":\"http:\/\/www.franziska-urbatschek.de\/wp-content\/uploads\/2022\/06\/Beziehungsstatus_Single_Quadratisch_Blanko_neu-1024x1024.jpg\"},{\"@type\":\"BreadcrumbList\",\"@id\":\"https:\/\/www.franziska-urbatschek.de\/home\/singlederwoche\/#breadcrumb\",\"itemListElement\":[{\"@type\":\"ListItem\",\"position\":1,\"name\":\"Startseite\",\"item\":\"https:\/\/www.franziska-urbatschek.de\/home\/\"},{\"@type\":\"ListItem\",\"position\":2,\"name\":\"Single der Woche &#8211; Deine Bewerbung\"}]},{\"@type\":\"WebSite\",\"@id\":\"https:\/\/www.franziska-urbatschek.de\/home\/#website\",\"url\":\"https:\/\/www.franziska-urbatschek.de\/home\/\",\"name\":\"Single-Coach Hamburg - Franziska Urbatschek\",\"description\":\"Singlecoach und Beziehungstrainer\",\"publisher\":{\"@id\":\"https:\/\/www.franziska-urbatschek.de\/home\/#\/schema\/person\/20ee9384ee5074fb4404cd750d05c4cb\"},\"potentialAction\":[{\"@type\":\"SearchAction\",\"target\":{\"@type\":\"EntryPoint\",\"urlTemplate\":\"https:\/\/www.franziska-urbatschek.de\/home\/?s={search_term_string}\"},\"query-input\":{\"@type\":\"PropertyValueSpecification\",\"valueRequired\":true,\"valueName\":\"search_term_string\"}}],\"inLanguage\":\"de\"},{\"@type\":[\"Person\",\"Organization\"],\"@id\":\"https:\/\/www.franziska-urbatschek.de\/home\/#\/schema\/person\/20ee9384ee5074fb4404cd750d05c4cb\",\"name\":\"Franziska Urbatschek\",\"image\":{\"@type\":\"ImageObject\",\"inLanguage\":\"de\",\"@id\":\"https:\/\/www.franziska-urbatschek.de\/home\/#\/schema\/person\/image\/\",\"url\":\"https:\/\/www.franziska-urbatschek.de\/wp-content\/uploads\/2021\/03\/Logo-500-\u00d7-100-px-4.png\",\"contentUrl\":\"https:\/\/www.franziska-urbatschek.de\/wp-content\/uploads\/2021\/03\/Logo-500-\u00d7-100-px-4.png\",\"width\":500,\"height\":100,\"caption\":\"Franziska Urbatschek\"},\"logo\":{\"@id\":\"https:\/\/www.franziska-urbatschek.de\/home\/#\/schema\/person\/image\/\"},\"sameAs\":[\"http:\/\/franziskaurbatschek.de\"]}]}<\/script>\n<!-- \/ Yoast SEO plugin. -->","yoast_head_json":{"title":"Single der Woche - Deine Bewerbung - Single-Coach Hamburg - Franziska Urbatschek","robots":{"index":"index","follow":"follow","max-snippet":"max-snippet:-1","max-image-preview":"max-image-preview:large","max-video-preview":"max-video-preview:-1"},"canonical":"https:\/\/www.franziska-urbatschek.de\/home\/singlederwoche\/","og_locale":"de_DE","og_type":"article","og_title":"Single der Woche - Deine Bewerbung - Single-Coach Hamburg - Franziska Urbatschek","og_description":"Single der Woche Hallo und sch\u00f6n, dass du da bist! Im Rahmen unseres Podcasts &#8211; Beziehungsstatus Single, hast du die M\u00f6glichkeit dich f\u00fcr ein kostenfreies Coachinggespr\u00e4ch zu bewerben, welches wir im Podcast ver\u00f6ffentlichen. Falls du dich nicht als Single der Woche bewerben m\u00f6chtest, aber mehr \u00fcber unsere Leistungen als Beziehungscoach (f\u00fcr Singles) oder Erfolgstrainer erfahren&hellip;&nbsp;Weiterlesen &raquo;Single der Woche &#8211; Deine Bewerbung","og_url":"https:\/\/www.franziska-urbatschek.de\/home\/singlederwoche\/","og_site_name":"Single-Coach Hamburg - Franziska Urbatschek","article_modified_time":"2022-11-23T11:15:08+00:00","og_image":[{"url":"http:\/\/www.franziska-urbatschek.de\/wp-content\/uploads\/2022\/06\/Beziehungsstatus_Single_Quadratisch_Blanko_neu-1024x1024.jpg"}],"twitter_card":"summary_large_image","twitter_misc":{"Gesch\u00e4tzte Lesezeit":"1\u00a0Minute"},"schema":{"@context":"https:\/\/schema.org","@graph":[{"@type":"WebPage","@id":"https:\/\/www.franziska-urbatschek.de\/home\/singlederwoche\/","url":"https:\/\/www.franziska-urbatschek.de\/home\/singlederwoche\/","name":"Single der Woche - Deine Bewerbung - Single-Coach Hamburg - Franziska Urbatschek","isPartOf":{"@id":"https:\/\/www.franziska-urbatschek.de\/home\/#website"},"primaryImageOfPage":{"@id":"https:\/\/www.franziska-urbatschek.de\/home\/singlederwoche\/#primaryimage"},"image":{"@id":"https:\/\/www.franziska-urbatschek.de\/home\/singlederwoche\/#primaryimage"},"thumbnailUrl":"http:\/\/www.franziska-urbatschek.de\/wp-content\/uploads\/2022\/06\/Beziehungsstatus_Single_Quadratisch_Blanko_neu-1024x1024.jpg","datePublished":"2021-07-02T18:17:59+00:00","dateModified":"2022-11-23T11:15:08+00:00","breadcrumb":{"@id":"https:\/\/www.franziska-urbatschek.de\/home\/singlederwoche\/#breadcrumb"},"inLanguage":"de","potentialAction":[{"@type":"ReadAction","target":["https:\/\/www.franziska-urbatschek.de\/home\/singlederwoche\/"]}]},{"@type":"ImageObject","inLanguage":"de","@id":"https:\/\/www.franziska-urbatschek.de\/home\/singlederwoche\/#primaryimage","url":"http:\/\/www.franziska-urbatschek.de\/wp-content\/uploads\/2022\/06\/Beziehungsstatus_Single_Quadratisch_Blanko_neu-1024x1024.jpg","contentUrl":"http:\/\/www.franziska-urbatschek.de\/wp-content\/uploads\/2022\/06\/Beziehungsstatus_Single_Quadratisch_Blanko_neu-1024x1024.jpg"},{"@type":"BreadcrumbList","@id":"https:\/\/www.franziska-urbatschek.de\/home\/singlederwoche\/#breadcrumb","itemListElement":[{"@type":"ListItem","position":1,"name":"Startseite","item":"https:\/\/www.franziska-urbatschek.de\/home\/"},{"@type":"ListItem","position":2,"name":"Single der Woche &#8211; Deine Bewerbung"}]},{"@type":"WebSite","@id":"https:\/\/www.franziska-urbatschek.de\/home\/#website","url":"https:\/\/www.franziska-urbatschek.de\/home\/","name":"Single-Coach Hamburg - Franziska Urbatschek","description":"Singlecoach und Beziehungstrainer","publisher":{"@id":"https:\/\/www.franziska-urbatschek.de\/home\/#\/schema\/person\/20ee9384ee5074fb4404cd750d05c4cb"},"potentialAction":[{"@type":"SearchAction","target":{"@type":"EntryPoint","urlTemplate":"https:\/\/www.franziska-urbatschek.de\/home\/?s={search_term_string}"},"query-input":{"@type":"PropertyValueSpecification","valueRequired":true,"valueName":"search_term_string"}}],"inLanguage":"de"},{"@type":["Person","Organization"],"@id":"https:\/\/www.franziska-urbatschek.de\/home\/#\/schema\/person\/20ee9384ee5074fb4404cd750d05c4cb","name":"Franziska Urbatschek","image":{"@type":"ImageObject","inLanguage":"de","@id":"https:\/\/www.franziska-urbatschek.de\/home\/#\/schema\/person\/image\/","url":"https:\/\/www.franziska-urbatschek.de\/wp-content\/uploads\/2021\/03\/Logo-500-\u00d7-100-px-4.png","contentUrl":"https:\/\/www.franziska-urbatschek.de\/wp-content\/uploads\/2021\/03\/Logo-500-\u00d7-100-px-4.png","width":500,"height":100,"caption":"Franziska Urbatschek"},"logo":{"@id":"https:\/\/www.franziska-urbatschek.de\/home\/#\/schema\/person\/image\/"},"sameAs":["http:\/\/franziskaurbatschek.de"]}]}},"_links":{"self":[{"href":"https:\/\/www.franziska-urbatschek.de\/home\/wp-json\/wp\/v2\/pages\/1724"}],"collection":[{"href":"https:\/\/www.franziska-urbatschek.de\/home\/wp-json\/wp\/v2\/pages"}],"about":[{"href":"https:\/\/www.franziska-urbatschek.de\/home\/wp-json\/wp\/v2\/types\/page"}],"author":[{"embeddable":true,"href":"https:\/\/www.franziska-urbatschek.de\/home\/wp-json\/wp\/v2\/users\/1"}],"replies":[{"embeddable":true,"href":"https:\/\/www.franziska-urbatschek.de\/home\/wp-json\/wp\/v2\/comments?post=1724"}],"version-history":[{"count":68,"href":"https:\/\/www.franziska-urbatschek.de\/home\/wp-json\/wp\/v2\/pages\/1724\/revisions"}],"predecessor-version":[{"id":7155,"href":"https:\/\/www.franziska-urbatschek.de\/home\/wp-json\/wp\/v2\/pages\/1724\/revisions\/7155"}],"wp:attachment":[{"href":"https:\/\/www.franziska-urbatschek.de\/home\/wp-json\/wp\/v2\/media?parent=1724"}],"curies":[{"name":"wp","href":"https:\/\/api.w.org\/{rel}","templated":true}]}}