{"id":1613,"date":"2021-06-06T17:56:45","date_gmt":"2021-06-06T17:56:45","guid":{"rendered":"https:\/\/www.franziska-urbatschek.de\/home\/?page_id=1613"},"modified":"2022-11-23T10:46:53","modified_gmt":"2022-11-23T10:46:53","slug":"einwilligungserklarung","status":"publish","type":"page","link":"https:\/\/www.franziska-urbatschek.de\/home\/einwilligungserklarung\/","title":{"rendered":"Einwilligungserkl\u00e4rung f\u00fcr Ton-und Videoaufnahmen"},"content":{"rendered":"\t\t<div data-elementor-type=\"wp-page\" data-elementor-id=\"1613\" class=\"elementor elementor-1613\" data-elementor-post-type=\"page\">\n\t\t\t\t\t\t<section class=\"elementor-section elementor-top-section elementor-element elementor-element-e38d197 elementor-section-boxed elementor-section-height-default elementor-section-height-default\" data-id=\"e38d197\" data-element_type=\"section\">\n\t\t\t\t\t\t<div class=\"elementor-container elementor-column-gap-default\">\n\t\t\t\t\t<div class=\"elementor-column elementor-col-100 elementor-top-column elementor-element elementor-element-5239b60\" data-id=\"5239b60\" data-element_type=\"column\">\n\t\t\t<div class=\"elementor-widget-wrap elementor-element-populated\">\n\t\t\t\t\t\t<div class=\"elementor-element elementor-element-5186e3c elementor-widget elementor-widget-text-editor\" data-id=\"5186e3c\" data-element_type=\"widget\" data-widget_type=\"text-editor.default\">\n\t\t\t\t<div class=\"elementor-widget-container\">\n\t\t\t\t\t\t\t\t\t<p><span style=\"font-weight: 400;\">Ich bin dar\u00fcber informiert worden, dass im Rahmen der Coachingt\u00e4tigkeiten (dies umfasst Seminare, Kurse, Podcast, Vortr\u00e4ge, etc.)&nbsp;<\/span><span style=\"color: var( --e-global-color-text ); font-family: var( --e-global-typography-text-font-family ), Sans-serif; font-weight: var( --e-global-typography-text-font-weight ); background-color: var(--nv-site-bg);\">&nbsp;<\/span><span style=\"color: var( --e-global-color-text ); font-family: var( --e-global-typography-text-font-family ), Sans-serif; font-weight: var( --e-global-typography-text-font-weight ); background-color: var(--nv-site-bg);\">von Franziska Urbatschek<\/span><span style=\"color: var( --e-global-color-text ); font-family: var( --e-global-typography-text-font-family ), Sans-serif; background-color: var(--nv-site-bg);\">&nbsp;&nbsp;eine Ton- und Videoaufnahmen gemacht wird zur Ver\u00f6ffentlichung.<\/span><\/p>\n<p><span style=\"font-weight: 400;\">Mir ist bekannt, dass ich mein Einverst\u00e4ndnis zur Aufbewahrung bzw. Speicherung dieser Daten widerrufen kann, ohne dass mir daraus Nachteile entstehen. Ich bin dar\u00fcber informiert worden, dass ich jederzeit eine L\u00f6schung meiner Aufnahmen verlangen kann.&nbsp;<\/span><\/p>\n<p><span style=\"font-weight: 400;\">Mir ist bekannt, dass die Bild- und Tonaufnahmen bei der Ver\u00f6ffentlichung im Internet oder in sozialen Netzwerken weltweit abrufbar und insbesondere durch Suchmaschinen auffindbar sind, eine Weiterverwendung und\/oder Ver\u00e4nderung durch Dritte nicht ausgeschlossen werden kann und unter Umst\u00e4nden keine vollst\u00e4ndige L\u00f6schung im Internet m\u00f6glich ist.<\/span><span style=\"font-weight: 400;\"><\/span><\/p>\n<p><\/p>\n<p><strong><span style=\"text-decoration: underline;\">Mit der beschriebenen Handhabung der erhobenen Aufnahmen bin ich einverstanden.<\/span><\/strong><span style=\"font-weight: 400;\"><\/span><\/p>\n<p><\/p>\n<p><span style=\"font-weight: 400;\">Die Einverst\u00e4ndniserkl\u00e4rung f\u00fcr die Ton-und Videoaufnahmen sind freiwillig. Ich kann diese Erkl\u00e4rung jederzeit widerrufen. Im Falle einer Ablehnung oder eines R\u00fccktritts entstehen f\u00fcr mich keinerlei Kosten oder anderweitige Nachteile.&nbsp;<\/span><\/p>\n<p><span style=\"font-weight: 400;\">Ich hatte gen\u00fcgend Zeit f\u00fcr eine Entscheidung. Ich habe alles gelesen und verstanden und erkl\u00e4re mich hiermit bereit, dass eine Ton- und Videoaufnahme von mir gemacht und ver\u00f6ffentlicht wird.<\/span><\/p>\n<p><span style=\"font-weight: 400;\">Eine Ausfertigung dieser Einwilligungserkl\u00e4rung habe ich erhalten.&nbsp;<\/span><span style=\"font-weight: 400;\">Die <a href=\"https:\/\/www.franziska-urbatschek.de\/home\/datenschutz\/\">Datenschutzerkl\u00e4rung<\/a> auf <\/span><a href=\"http:\/\/www.franziska-urbatschek.de\"><span style=\"font-weight: 400;\">www.franziska-urbatschek.de<\/span><\/a><span style=\"font-weight: 400;\"> ist ein Teil dieser Vereinbarung.<\/span><\/p>\t\t\t\t\t\t\t\t<\/div>\n\t\t\t\t<\/div>\n\t\t\t\t\t<\/div>\n\t\t<\/div>\n\t\t\t\t\t<\/div>\n\t\t<\/section>\n\t\t\t\t<section class=\"elementor-section elementor-top-section elementor-element elementor-element-60b5bcf elementor-section-boxed elementor-section-height-default elementor-section-height-default\" data-id=\"60b5bcf\" data-element_type=\"section\" data-settings=\"{&quot;background_background&quot;:&quot;classic&quot;}\">\n\t\t\t\t\t\t<div class=\"elementor-container elementor-column-gap-default\">\n\t\t\t\t\t<div class=\"elementor-column elementor-col-33 elementor-top-column elementor-element elementor-element-0f58447\" data-id=\"0f58447\" data-element_type=\"column\">\n\t\t\t<div class=\"elementor-widget-wrap elementor-element-populated\">\n\t\t\t\t\t\t<div class=\"elementor-element elementor-element-a169579 elementor-widget elementor-widget-text-editor\" data-id=\"a169579\" data-element_type=\"widget\" data-widget_type=\"text-editor.default\">\n\t\t\t\t<div class=\"elementor-widget-container\">\n\t\t\t\t\t\t\t\t\t<p style=\"text-align: center;\"><span style=\"color: #ffffff;\"><a style=\"color: #ffffff;\" href=\"http:\/\/franziskaurbatschek.de\/e-landing-page\/impressum\">Impressum |\u00a0<\/a><a style=\"color: #ffffff;\" href=\"http:\/\/franziskaurbatschek.de\/e-landing-page\/datenschutz\">Datenschutz<\/a><\/span><\/p>\t\t\t\t\t\t\t\t<\/div>\n\t\t\t\t<\/div>\n\t\t\t\t\t<\/div>\n\t\t<\/div>\n\t\t\t\t<div class=\"elementor-column elementor-col-33 elementor-top-column elementor-element elementor-element-46c1a9d\" data-id=\"46c1a9d\" data-element_type=\"column\">\n\t\t\t<div class=\"elementor-widget-wrap elementor-element-populated\">\n\t\t\t\t\t\t<div class=\"elementor-element elementor-element-6cb9af1 elementor-view-default elementor-widget elementor-widget-icon\" data-id=\"6cb9af1\" data-element_type=\"widget\" data-widget_type=\"icon.default\">\n\t\t\t\t<div class=\"elementor-widget-container\">\n\t\t\t\t\t\t\t<div class=\"elementor-icon-wrapper\">\n\t\t\t<a class=\"elementor-icon\" href=\"https:\/\/www.instagram.com\/franziska.urbatschek\/\">\n\t\t\t<i aria-hidden=\"true\" class=\"fab fa-instagram\"><\/i>\t\t\t<\/a>\n\t\t<\/div>\n\t\t\t\t\t\t<\/div>\n\t\t\t\t<\/div>\n\t\t\t\t\t<\/div>\n\t\t<\/div>\n\t\t\t\t<div class=\"elementor-column elementor-col-33 elementor-top-column elementor-element elementor-element-fdc551a\" data-id=\"fdc551a\" data-element_type=\"column\">\n\t\t\t<div class=\"elementor-widget-wrap elementor-element-populated\">\n\t\t\t\t\t\t<div class=\"elementor-element elementor-element-f1b232c elementor-view-default elementor-widget elementor-widget-icon\" data-id=\"f1b232c\" data-element_type=\"widget\" data-widget_type=\"icon.default\">\n\t\t\t\t<div class=\"elementor-widget-container\">\n\t\t\t\t\t\t\t<div class=\"elementor-icon-wrapper\">\n\t\t\t<a class=\"elementor-icon\" href=\"https:\/\/www.facebook.com\/FranziskaUrbatschek\/?ref=pages_you_manage\">\n\t\t\t<i aria-hidden=\"true\" class=\"fab fa-facebook-square\"><\/i>\t\t\t<\/a>\n\t\t<\/div>\n\t\t\t\t\t\t<\/div>\n\t\t\t\t<\/div>\n\t\t\t\t\t<\/div>\n\t\t<\/div>\n\t\t\t\t\t<\/div>\n\t\t<\/section>\n\t\t\t\t<\/div>\n\t\t","protected":false},"excerpt":{"rendered":"<p>Ich bin dar\u00fcber informiert worden, dass im Rahmen der Coachingt\u00e4tigkeiten (dies umfasst Seminare, Kurse, Podcast, Vortr\u00e4ge, etc.)&nbsp;&nbsp;von Franziska Urbatschek&nbsp;&nbsp;eine Ton- und Videoaufnahmen gemacht wird zur Ver\u00f6ffentlichung. Mir ist bekannt, dass ich mein Einverst\u00e4ndnis zur Aufbewahrung bzw. Speicherung dieser Daten widerrufen kann, ohne dass mir daraus Nachteile entstehen. Ich bin dar\u00fcber informiert worden, dass ich jederzeit&hellip;&nbsp;<a href=\"https:\/\/www.franziska-urbatschek.de\/home\/einwilligungserklarung\/\" class=\"\" rel=\"bookmark\">Weiterlesen &raquo;<span class=\"screen-reader-text\">Einwilligungserkl\u00e4rung f\u00fcr Ton-und Videoaufnahmen<\/span><\/a><\/p>\n","protected":false},"author":1,"featured_media":0,"parent":0,"menu_order":0,"comment_status":"closed","ping_status":"closed","template":"","meta":{"neve_meta_sidebar":"full-width","neve_meta_container":"","neve_meta_enable_content_width":"on","neve_meta_content_width":100,"neve_meta_title_alignment":"","neve_meta_author_avatar":"","neve_post_elements_order":"","neve_meta_disable_header":"","neve_meta_disable_footer":"","neve_meta_disable_title":"","footnotes":""},"yoast_head":"<!-- This site is optimized with the Yoast SEO plugin v23.5 - https:\/\/yoast.com\/wordpress\/plugins\/seo\/ -->\n<title>Einwilligungserkl\u00e4rung f\u00fcr Ton-und Videoaufnahmen - Single-Coach Hamburg - Franziska Urbatschek<\/title>\n<meta name=\"robots\" content=\"index, follow, max-snippet:-1, max-image-preview:large, max-video-preview:-1\" \/>\n<link rel=\"canonical\" href=\"https:\/\/www.franziska-urbatschek.de\/home\/einwilligungserklarung\/\" \/>\n<meta property=\"og:locale\" content=\"de_DE\" \/>\n<meta property=\"og:type\" content=\"article\" \/>\n<meta property=\"og:title\" content=\"Einwilligungserkl\u00e4rung f\u00fcr Ton-und Videoaufnahmen - Single-Coach Hamburg - Franziska Urbatschek\" \/>\n<meta property=\"og:description\" content=\"Ich bin dar\u00fcber informiert worden, dass im Rahmen der Coachingt\u00e4tigkeiten (dies umfasst Seminare, Kurse, Podcast, Vortr\u00e4ge, etc.)&nbsp;&nbsp;von Franziska Urbatschek&nbsp;&nbsp;eine Ton- und Videoaufnahmen gemacht wird zur Ver\u00f6ffentlichung. Mir ist bekannt, dass ich mein Einverst\u00e4ndnis zur Aufbewahrung bzw. Speicherung dieser Daten widerrufen kann, ohne dass mir daraus Nachteile entstehen. Ich bin dar\u00fcber informiert worden, dass ich jederzeit&hellip;&nbsp;Weiterlesen &raquo;Einwilligungserkl\u00e4rung f\u00fcr Ton-und Videoaufnahmen\" \/>\n<meta property=\"og:url\" content=\"https:\/\/www.franziska-urbatschek.de\/home\/einwilligungserklarung\/\" \/>\n<meta property=\"og:site_name\" content=\"Single-Coach Hamburg - Franziska Urbatschek\" \/>\n<meta property=\"article:modified_time\" content=\"2022-11-23T10:46:53+00:00\" \/>\n<meta name=\"twitter:card\" content=\"summary_large_image\" \/>\n<meta name=\"twitter:label1\" content=\"Gesch\u00e4tzte Lesezeit\" \/>\n\t<meta name=\"twitter:data1\" content=\"2\u00a0Minuten\" \/>\n<script type=\"application\/ld+json\" class=\"yoast-schema-graph\">{\"@context\":\"https:\/\/schema.org\",\"@graph\":[{\"@type\":\"WebPage\",\"@id\":\"https:\/\/www.franziska-urbatschek.de\/home\/einwilligungserklarung\/\",\"url\":\"https:\/\/www.franziska-urbatschek.de\/home\/einwilligungserklarung\/\",\"name\":\"Einwilligungserkl\u00e4rung f\u00fcr Ton-und Videoaufnahmen - Single-Coach Hamburg - Franziska Urbatschek\",\"isPartOf\":{\"@id\":\"https:\/\/www.franziska-urbatschek.de\/home\/#website\"},\"datePublished\":\"2021-06-06T17:56:45+00:00\",\"dateModified\":\"2022-11-23T10:46:53+00:00\",\"breadcrumb\":{\"@id\":\"https:\/\/www.franziska-urbatschek.de\/home\/einwilligungserklarung\/#breadcrumb\"},\"inLanguage\":\"de\",\"potentialAction\":[{\"@type\":\"ReadAction\",\"target\":[\"https:\/\/www.franziska-urbatschek.de\/home\/einwilligungserklarung\/\"]}]},{\"@type\":\"BreadcrumbList\",\"@id\":\"https:\/\/www.franziska-urbatschek.de\/home\/einwilligungserklarung\/#breadcrumb\",\"itemListElement\":[{\"@type\":\"ListItem\",\"position\":1,\"name\":\"Startseite\",\"item\":\"https:\/\/www.franziska-urbatschek.de\/home\/\"},{\"@type\":\"ListItem\",\"position\":2,\"name\":\"Einwilligungserkl\u00e4rung f\u00fcr Ton-und Videoaufnahmen\"}]},{\"@type\":\"WebSite\",\"@id\":\"https:\/\/www.franziska-urbatschek.de\/home\/#website\",\"url\":\"https:\/\/www.franziska-urbatschek.de\/home\/\",\"name\":\"Single-Coach Hamburg - Franziska Urbatschek\",\"description\":\"Singlecoach und Beziehungstrainer\",\"publisher\":{\"@id\":\"https:\/\/www.franziska-urbatschek.de\/home\/#\/schema\/person\/20ee9384ee5074fb4404cd750d05c4cb\"},\"potentialAction\":[{\"@type\":\"SearchAction\",\"target\":{\"@type\":\"EntryPoint\",\"urlTemplate\":\"https:\/\/www.franziska-urbatschek.de\/home\/?s={search_term_string}\"},\"query-input\":{\"@type\":\"PropertyValueSpecification\",\"valueRequired\":true,\"valueName\":\"search_term_string\"}}],\"inLanguage\":\"de\"},{\"@type\":[\"Person\",\"Organization\"],\"@id\":\"https:\/\/www.franziska-urbatschek.de\/home\/#\/schema\/person\/20ee9384ee5074fb4404cd750d05c4cb\",\"name\":\"Franziska Urbatschek\",\"image\":{\"@type\":\"ImageObject\",\"inLanguage\":\"de\",\"@id\":\"https:\/\/www.franziska-urbatschek.de\/home\/#\/schema\/person\/image\/\",\"url\":\"https:\/\/www.franziska-urbatschek.de\/wp-content\/uploads\/2021\/03\/Logo-500-\u00d7-100-px-4.png\",\"contentUrl\":\"https:\/\/www.franziska-urbatschek.de\/wp-content\/uploads\/2021\/03\/Logo-500-\u00d7-100-px-4.png\",\"width\":500,\"height\":100,\"caption\":\"Franziska Urbatschek\"},\"logo\":{\"@id\":\"https:\/\/www.franziska-urbatschek.de\/home\/#\/schema\/person\/image\/\"},\"sameAs\":[\"http:\/\/franziskaurbatschek.de\"]}]}<\/script>\n<!-- \/ Yoast SEO plugin. -->","yoast_head_json":{"title":"Einwilligungserkl\u00e4rung f\u00fcr Ton-und Videoaufnahmen - Single-Coach Hamburg - Franziska Urbatschek","robots":{"index":"index","follow":"follow","max-snippet":"max-snippet:-1","max-image-preview":"max-image-preview:large","max-video-preview":"max-video-preview:-1"},"canonical":"https:\/\/www.franziska-urbatschek.de\/home\/einwilligungserklarung\/","og_locale":"de_DE","og_type":"article","og_title":"Einwilligungserkl\u00e4rung f\u00fcr Ton-und Videoaufnahmen - Single-Coach Hamburg - Franziska Urbatschek","og_description":"Ich bin dar\u00fcber informiert worden, dass im Rahmen der Coachingt\u00e4tigkeiten (dies umfasst Seminare, Kurse, Podcast, Vortr\u00e4ge, etc.)&nbsp;&nbsp;von Franziska Urbatschek&nbsp;&nbsp;eine Ton- und Videoaufnahmen gemacht wird zur Ver\u00f6ffentlichung. Mir ist bekannt, dass ich mein Einverst\u00e4ndnis zur Aufbewahrung bzw. Speicherung dieser Daten widerrufen kann, ohne dass mir daraus Nachteile entstehen. Ich bin dar\u00fcber informiert worden, dass ich jederzeit&hellip;&nbsp;Weiterlesen &raquo;Einwilligungserkl\u00e4rung f\u00fcr Ton-und Videoaufnahmen","og_url":"https:\/\/www.franziska-urbatschek.de\/home\/einwilligungserklarung\/","og_site_name":"Single-Coach Hamburg - Franziska Urbatschek","article_modified_time":"2022-11-23T10:46:53+00:00","twitter_card":"summary_large_image","twitter_misc":{"Gesch\u00e4tzte Lesezeit":"2\u00a0Minuten"},"schema":{"@context":"https:\/\/schema.org","@graph":[{"@type":"WebPage","@id":"https:\/\/www.franziska-urbatschek.de\/home\/einwilligungserklarung\/","url":"https:\/\/www.franziska-urbatschek.de\/home\/einwilligungserklarung\/","name":"Einwilligungserkl\u00e4rung f\u00fcr Ton-und Videoaufnahmen - Single-Coach Hamburg - Franziska Urbatschek","isPartOf":{"@id":"https:\/\/www.franziska-urbatschek.de\/home\/#website"},"datePublished":"2021-06-06T17:56:45+00:00","dateModified":"2022-11-23T10:46:53+00:00","breadcrumb":{"@id":"https:\/\/www.franziska-urbatschek.de\/home\/einwilligungserklarung\/#breadcrumb"},"inLanguage":"de","potentialAction":[{"@type":"ReadAction","target":["https:\/\/www.franziska-urbatschek.de\/home\/einwilligungserklarung\/"]}]},{"@type":"BreadcrumbList","@id":"https:\/\/www.franziska-urbatschek.de\/home\/einwilligungserklarung\/#breadcrumb","itemListElement":[{"@type":"ListItem","position":1,"name":"Startseite","item":"https:\/\/www.franziska-urbatschek.de\/home\/"},{"@type":"ListItem","position":2,"name":"Einwilligungserkl\u00e4rung f\u00fcr Ton-und Videoaufnahmen"}]},{"@type":"WebSite","@id":"https:\/\/www.franziska-urbatschek.de\/home\/#website","url":"https:\/\/www.franziska-urbatschek.de\/home\/","name":"Single-Coach Hamburg - Franziska Urbatschek","description":"Singlecoach und Beziehungstrainer","publisher":{"@id":"https:\/\/www.franziska-urbatschek.de\/home\/#\/schema\/person\/20ee9384ee5074fb4404cd750d05c4cb"},"potentialAction":[{"@type":"SearchAction","target":{"@type":"EntryPoint","urlTemplate":"https:\/\/www.franziska-urbatschek.de\/home\/?s={search_term_string}"},"query-input":{"@type":"PropertyValueSpecification","valueRequired":true,"valueName":"search_term_string"}}],"inLanguage":"de"},{"@type":["Person","Organization"],"@id":"https:\/\/www.franziska-urbatschek.de\/home\/#\/schema\/person\/20ee9384ee5074fb4404cd750d05c4cb","name":"Franziska Urbatschek","image":{"@type":"ImageObject","inLanguage":"de","@id":"https:\/\/www.franziska-urbatschek.de\/home\/#\/schema\/person\/image\/","url":"https:\/\/www.franziska-urbatschek.de\/wp-content\/uploads\/2021\/03\/Logo-500-\u00d7-100-px-4.png","contentUrl":"https:\/\/www.franziska-urbatschek.de\/wp-content\/uploads\/2021\/03\/Logo-500-\u00d7-100-px-4.png","width":500,"height":100,"caption":"Franziska Urbatschek"},"logo":{"@id":"https:\/\/www.franziska-urbatschek.de\/home\/#\/schema\/person\/image\/"},"sameAs":["http:\/\/franziskaurbatschek.de"]}]}},"_links":{"self":[{"href":"https:\/\/www.franziska-urbatschek.de\/home\/wp-json\/wp\/v2\/pages\/1613"}],"collection":[{"href":"https:\/\/www.franziska-urbatschek.de\/home\/wp-json\/wp\/v2\/pages"}],"about":[{"href":"https:\/\/www.franziska-urbatschek.de\/home\/wp-json\/wp\/v2\/types\/page"}],"author":[{"embeddable":true,"href":"https:\/\/www.franziska-urbatschek.de\/home\/wp-json\/wp\/v2\/users\/1"}],"replies":[{"embeddable":true,"href":"https:\/\/www.franziska-urbatschek.de\/home\/wp-json\/wp\/v2\/comments?post=1613"}],"version-history":[{"count":25,"href":"https:\/\/www.franziska-urbatschek.de\/home\/wp-json\/wp\/v2\/pages\/1613\/revisions"}],"predecessor-version":[{"id":7121,"href":"https:\/\/www.franziska-urbatschek.de\/home\/wp-json\/wp\/v2\/pages\/1613\/revisions\/7121"}],"wp:attachment":[{"href":"https:\/\/www.franziska-urbatschek.de\/home\/wp-json\/wp\/v2\/media?parent=1613"}],"curies":[{"name":"wp","href":"https:\/\/api.w.org\/{rel}","templated":true}]}}